{"id":110697,"date":"2024-02-06T01:01:31","date_gmt":"2024-02-06T06:01:31","guid":{"rendered":"https:\/\/artist1-fr.selectoweb.ca\/?page_id=110697"},"modified":"2024-02-06T01:03:21","modified_gmt":"2024-02-06T06:03:21","slug":"about","status":"publish","type":"page","link":"https:\/\/artist1-fr.selectoweb.ca\/en\/a-propos\/","title":{"rendered":"About"},"content":{"rendered":"<p>[et_pb_section fb_built=\u00a0\u00bb1&Prime; admin_label=\u00a0\u00bbHeader\u00a0\u00bb _builder_version=\u00a0\u00bb4.16&Prime; background_image=\u00a0\u00bbhttps:\/\/artist1-fr.selectoweb.ca\/wp-content\/uploads\/2023\/04\/art-gallery-55.jpg\u00a0\u00bb background_size=\u00a0\u00bbinitial\u00a0\u00bb background_repeat=\u00a0\u00bbrepeat\u00a0\u00bb global_colors_info=\u00a0\u00bb{}\u00a0\u00bb][et_pb_row custom_padding_last_edited=\u00a0\u00bboff|phone\u00a0\u00bb _builder_version=\u00a0\u00bb4.16&Prime; background_position=\u00a0\u00bbbottom_center\u00a0\u00bb custom_padding_tablet=\u00a0\u00bb17vw||17vw||false\u00a0\u00bb use_custom_width=\u00a0\u00bbon\u00a0\u00bb width_unit=\u00a0\u00bboff\u00a0\u00bb custom_width_percent=\u00a0\u00bb100%\u00a0\u00bb locked=\u00a0\u00bboff\u00a0\u00bb global_colors_info=\u00a0\u00bb{}\u00a0\u00bb][et_pb_column type=\u00a0\u00bb4_4&Prime; _builder_version=\u00a0\u00bb4.16&Prime; custom_padding=\u00a0\u00bb|||\u00a0\u00bb global_colors_info=\u00a0\u00bb{}\u00a0\u00bb custom_padding__hover=\u00a0\u00bb|||\u00a0\u00bb][et_pb_text _builder_version=\u00a0\u00bb4.16&Prime; text_font=\u00a0\u00bb||||||||\u00a0\u00bb header_font=\u00a0\u00bb||||||||\u00a0\u00bb header_2_font=\u00a0\u00bbPrata|500|||||||\u00a0\u00bb header_2_text_align=\u00a0\u00bbleft\u00a0\u00bb header_2_font_size=\u00a0\u00bb56px\u00a0\u00bb header_2_line_height=\u00a0\u00bb1.3em\u00a0\u00bb transform_translate_linked=\u00a0\u00bboff\u00a0\u00bb max_width=\u00a0\u00bb100%\u00a0\u00bb max_width_tablet=\u00a0\u00bb70%\u00a0\u00bb max_width_last_edited=\u00a0\u00bboff|phone\u00a0\u00bb header_2_font_size_tablet=\u00a0\u00bb40px\u00a0\u00bb header_2_font_size_phone=\u00a0\u00bb26px\u00a0\u00bb header_2_font_size_last_edited=\u00a0\u00bbon|desktop\u00a0\u00bb global_colors_info=\u00a0\u00bb{}\u00a0\u00bb]<\/p>\n<h2>About Us<\/h2>\n<p>[\/et_pb_text][\/et_pb_column][\/et_pb_row][et_pb_row _builder_version=\u00a0\u00bb4.16&Prime; global_colors_info=\u00a0\u00bb{}\u00a0\u00bb][et_pb_column type=\u00a0\u00bb4_4&Prime; _builder_version=\u00a0\u00bb4.16&Prime; custom_padding=\u00a0\u00bb|||\u00a0\u00bb global_colors_info=\u00a0\u00bb{}\u00a0\u00bb custom_padding__hover=\u00a0\u00bb|||\u00a0\u00bb][et_pb_text _builder_version=\u00a0\u00bb4.16&Prime; text_font=\u00a0\u00bb||||||||\u00a0\u00bb header_font=\u00a0\u00bb||||||||\u00a0\u00bb max_width=\u00a0\u00bb700px\u00a0\u00bb module_alignment=\u00a0\u00bbcenter\u00a0\u00bb global_colors_info=\u00a0\u00bb{}\u00a0\u00bb]<\/p>\n<p>Permettez-moi de me pr\u00e9senter, je suis un artiste peintre passionn\u00e9 par la cr\u00e9ation d\u2019\u0153uvres d\u2019art qui suscitent des \u00e9motions chez les spectateurs. J\u2019ai d\u00e9velopp\u00e9 ma passion pour la peinture d\u00e8s mon plus jeune \u00e2ge et j\u2019ai \u00e9tudi\u00e9 les techniques les plus fines pour perfectionner mon art.<\/p>\n<p>Ma technique de peinture sur toiles est unique et cr\u00e9ative, utilisant une palette de couleurs vibrantes et des textures intrigantes pour cr\u00e9er des \u0153uvres d\u2019art \u00e9vocatrices. Mon style est marqu\u00e9 par une grande attention aux d\u00e9tails et \u00e0 la composition, tout en conservant une touche personnelle qui me permet de cr\u00e9er des \u0153uvres uniques.<\/p>\n<p>Mon travail a \u00e9t\u00e9 expos\u00e9 dans des galeries d\u2019art \u00e0 travers le monde et a \u00e9t\u00e9 achet\u00e9 par des collectionneurs priv\u00e9s et des institutions publiques. J\u2019ai \u00e9galement eu la chance de travailler sur des projets de commande pour des clients particuliers, ce qui m\u2019a permis d\u2019\u00e9largir mes horizons artistiques.<\/p>\n<p>Je suis constamment en train de cr\u00e9er de nouvelles \u0153uvres qui t\u00e9moignent de ma passion pour l\u2019art et de mon d\u00e9sir de communiquer des \u00e9motions profondes \u00e0 travers mes toiles. Si vous cherchez une \u0153uvre d\u2019art unique qui apportera de la vie et de l\u2019\u00e9motion \u00e0 votre maison ou \u00e0 votre espace de travail, n\u2019h\u00e9sitez pas \u00e0 d\u00e9couvrir mes \u0153uvres.<\/p>\n<p>[\/et_pb_text][\/et_pb_column][\/et_pb_row][\/et_pb_section][et_pb_section fb_built=\u00a0\u00bb1&Prime; admin_label=\u00a0\u00bbAbout\u00a0\u00bb _builder_version=\u00a0\u00bb4.16&Prime; background_image=\u00a0\u00bbhttps:\/\/artist1-fr.selectoweb.ca\/wp-content\/uploads\/2023\/04\/art-gallery-55.jpg\u00a0\u00bb background_size=\u00a0\u00bbinitial\u00a0\u00bb background_repeat=\u00a0\u00bbrepeat\u00a0\u00bb global_colors_info=\u00a0\u00bb{}\u00a0\u00bb][et_pb_row column_structure=\u00a0\u00bb2_5,3_5&Prime; _builder_version=\u00a0\u00bb4.16&Prime; max_width=\u00a0\u00bb1280px\u00a0\u00bb global_colors_info=\u00a0\u00bb{}\u00a0\u00bb][et_pb_column type=\u00a0\u00bb2_5&Prime; _builder_version=\u00a0\u00bb4.16&Prime; custom_padding=\u00a0\u00bb|||\u00a0\u00bb global_colors_info=\u00a0\u00bb{}\u00a0\u00bb custom_padding__hover=\u00a0\u00bb|||\u00a0\u00bb][et_pb_image src=\u00a0\u00bbhttps:\/\/artist1-fr.selectoweb.ca\/wp-content\/uploads\/2023\/04\/art-gallery-38.jpg\u00a0\u00bb _builder_version=\u00a0\u00bb4.16&Prime; background_image=\u00a0\u00bbhttps:\/\/artist1-fr.selectoweb.ca\/wp-content\/uploads\/2023\/04\/art-gallery-56.png\u00a0\u00bb background_size=\u00a0\u00bbinitial\u00a0\u00bb background_position=\u00a0\u00bbbottom_left\u00a0\u00bb max_width_tablet=\u00a0\u00bb560px\u00a0\u00bb max_width_last_edited=\u00a0\u00bboff|tablet\u00a0\u00bb module_alignment=\u00a0\u00bbright\u00a0\u00bb custom_margin=\u00a0\u00bb|-200px||\u00a0\u00bb custom_margin_tablet=\u00a0\u00bb|0px||\u00a0\u00bb custom_margin_phone=\u00a0\u00bb\u00a0\u00bb custom_margin_last_edited=\u00a0\u00bbon|tablet\u00a0\u00bb custom_padding=\u00a0\u00bb||40px|78px||\u00a0\u00bb custom_padding_tablet=\u00a0\u00bb40px|30px|0px|0px\u00a0\u00bb custom_padding_phone=\u00a0\u00bb\u00a0\u00bb custom_padding_last_edited=\u00a0\u00bbon|tablet\u00a0\u00bb background_last_edited=\u00a0\u00bbon|desktop\u00a0\u00bb background_position_tablet=\u00a0\u00bbtop_right\u00a0\u00bb box_shadow_style=\u00a0\u00bbpreset3&Prime; box_shadow_vertical=\u00a0\u00bb20px\u00a0\u00bb box_shadow_blur=\u00a0\u00bb80px\u00a0\u00bb box_shadow_spread=\u00a0\u00bb0px\u00a0\u00bb box_shadow_color=\u00a0\u00bbrgba(67,58,122,0.2)\u00a0\u00bb global_colors_info=\u00a0\u00bb{}\u00a0\u00bb][\/et_pb_image][et_pb_image src=\u00a0\u00bbhttps:\/\/artist1-fr.selectoweb.ca\/wp-content\/uploads\/2023\/04\/calligraphy_101.jpg\u00a0\u00bb _builder_version=\u00a0\u00bb4.16&Prime; background_image=\u00a0\u00bbhttps:\/\/artist1-fr.selectoweb.ca\/wp-content\/uploads\/2023\/04\/art-gallery-59.png\u00a0\u00bb background_size=\u00a0\u00bbinitial\u00a0\u00bb background_position=\u00a0\u00bbtop_right\u00a0\u00bb max_width=\u00a0\u00bb560px\u00a0\u00bb module_alignment=\u00a0\u00bbright\u00a0\u00bb custom_margin=\u00a0\u00bb||30px\u00a0\u00bb custom_padding=\u00a0\u00bb40px|40px||\u00a0\u00bb custom_padding_tablet=\u00a0\u00bb|30px||\u00a0\u00bb custom_padding_phone=\u00a0\u00bb\u00a0\u00bb custom_padding_last_edited=\u00a0\u00bbon|desktop\u00a0\u00bb box_shadow_style=\u00a0\u00bbpreset3&Prime; box_shadow_vertical=\u00a0\u00bb20px\u00a0\u00bb box_shadow_blur=\u00a0\u00bb80px\u00a0\u00bb box_shadow_spread=\u00a0\u00bb0px\u00a0\u00bb box_shadow_color=\u00a0\u00bbrgba(67,58,122,0.2)\u00a0\u00bb global_colors_info=\u00a0\u00bb{}\u00a0\u00bb][\/et_pb_image][\/et_pb_column][et_pb_column type=\u00a0\u00bb3_5&Prime; _builder_version=\u00a0\u00bb4.16&Prime; custom_padding=\u00a0\u00bb|||\u00a0\u00bb global_colors_info=\u00a0\u00bb{}\u00a0\u00bb custom_padding__hover=\u00a0\u00bb|||\u00a0\u00bb][et_pb_text _builder_version=\u00a0\u00bb4.16&Prime; text_font=\u00a0\u00bb||||||||\u00a0\u00bb header_font=\u00a0\u00bb|700|||||||\u00a0\u00bb header_font_size=\u00a0\u00bb20px\u00a0\u00bb header_line_height=\u00a0\u00bb1.3em\u00a0\u00bb header_3_font=\u00a0\u00bb|700|||||||\u00a0\u00bb header_3_font_size=\u00a0\u00bb20px\u00a0\u00bb header_3_line_height=\u00a0\u00bb1.3em\u00a0\u00bb background_color=\u00a0\u00bb#ffffff\u00a0\u00bb custom_margin=\u00a0\u00bb150px||\u00a0\u00bb custom_margin_tablet=\u00a0\u00bb0px|||\u00a0\u00bb custom_margin_phone=\u00a0\u00bb\u00a0\u00bb custom_margin_last_edited=\u00a0\u00bbon|tablet\u00a0\u00bb custom_padding=\u00a0\u00bb40px|40px|40px|40px|true|true\u00a0\u00bb header_font_size_tablet=\u00a0\u00bb\u00a0\u00bb header_font_size_phone=\u00a0\u00bb\u00a0\u00bb header_font_size_last_edited=\u00a0\u00bbon|desktop\u00a0\u00bb box_shadow_style=\u00a0\u00bbpreset3&Prime; box_shadow_horizontal=\u00a0\u00bb-70px\u00a0\u00bb box_shadow_vertical=\u00a0\u00bb70px\u00a0\u00bb box_shadow_blur=\u00a0\u00bb80px\u00a0\u00bb box_shadow_spread=\u00a0\u00bb0px\u00a0\u00bb box_shadow_color=\u00a0\u00bbrgba(67,58,122,0.1)\u00a0\u00bb global_colors_info=\u00a0\u00bb{}\u00a0\u00bb]<\/p>\n<h3>Exp\u00e9riences<\/h3>\n<p>Je passe des heures \u00e0 exp\u00e9rimenter diff\u00e9rentes techniques pour perfectionner mon style et cr\u00e9er des toiles qui suscitent des \u00e9motions chez les spectateurs. J\u2019aime travailler de mani\u00e8re ind\u00e9pendante, mais j\u2019appr\u00e9cie \u00e9galement la collaboration avec d\u2019autres artistes pour d\u00e9velopper de nouvelles id\u00e9es et explorer de nouvelles formes d\u2019expression. Mon amour pour la peinture est profond\u00e9ment enracin\u00e9 en moi depuis mon plus jeune \u00e2ge, et je suis constamment en train de chercher de nouveaux moyens de pousser mes limites artistiques et de cr\u00e9er des \u0153uvres d\u2019art qui laissent une impression durable.<\/p>\n<p>[\/et_pb_text][\/et_pb_column][\/et_pb_row][\/et_pb_section]<\/p>\n","protected":false},"excerpt":{"rendered":"<p>About Us Permettez-moi de me pr\u00e9senter, je suis un artiste peintre passionn\u00e9 par la cr\u00e9ation d\u2019\u0153uvres d\u2019art qui suscitent des \u00e9motions chez les spectateurs. J\u2019ai d\u00e9velopp\u00e9 ma passion pour la peinture d\u00e8s mon plus jeune \u00e2ge et j\u2019ai \u00e9tudi\u00e9 les techniques les plus fines pour perfectionner mon art. Ma technique de peinture sur toiles est [&hellip;]<\/p>\n","protected":false},"author":1,"featured_media":0,"parent":0,"menu_order":0,"comment_status":"closed","ping_status":"closed","template":"","meta":{"_et_pb_use_builder":"on","_et_pb_old_content":"","_et_gb_content_width":"","footnotes":""},"class_list":["post-110697","page","type-page","status-publish","hentry"],"yoast_head":"<!-- This site is optimized with the Yoast SEO plugin v27.5 - https:\/\/yoast.com\/product\/yoast-seo-wordpress\/ -->\n<title>\u00c0 propos - Selecto Artiste<\/title>\n<meta name=\"robots\" content=\"index, follow, max-snippet:-1, max-image-preview:large, max-video-preview:-1\" \/>\n<link rel=\"canonical\" href=\"https:\/\/artist1-fr.selectoweb.ca\/en\/about\/\" \/>\n<meta property=\"og:locale\" content=\"en_US\" \/>\n<meta property=\"og:type\" content=\"article\" \/>\n<meta property=\"og:title\" content=\"\u00c0 propos - Selecto Artiste\" \/>\n<meta property=\"og:description\" content=\"About Us Permettez-moi de me pr\u00e9senter, je suis un artiste peintre passionn\u00e9 par la cr\u00e9ation d\u2019\u0153uvres d\u2019art qui suscitent des \u00e9motions chez les spectateurs. J\u2019ai d\u00e9velopp\u00e9 ma passion pour la peinture d\u00e8s mon plus jeune \u00e2ge et j\u2019ai \u00e9tudi\u00e9 les techniques les plus fines pour perfectionner mon art. Ma technique de peinture sur toiles est [&hellip;]\" \/>\n<meta property=\"og:url\" content=\"https:\/\/artist1-fr.selectoweb.ca\/en\/about\/\" \/>\n<meta property=\"og:site_name\" content=\"Selecto Artiste\" \/>\n<meta property=\"article:publisher\" content=\"https:\/\/www.facebook.com\/selectoweb\" \/>\n<meta property=\"article:modified_time\" content=\"2024-02-06T06:03:21+00:00\" \/>\n<meta name=\"twitter:card\" content=\"summary_large_image\" \/>\n<meta name=\"twitter:site\" content=\"@selectoweb\" \/>\n<meta name=\"twitter:label1\" content=\"Est. reading time\" \/>\n\t<meta name=\"twitter:data1\" content=\"4 minutes\" \/>\n<script type=\"application\/ld+json\" class=\"yoast-schema-graph\">{\"@context\":\"https:\\\/\\\/schema.org\",\"@graph\":[{\"@type\":\"WebPage\",\"@id\":\"https:\\\/\\\/artist1-fr.selectoweb.ca\\\/a-propos\\\/\",\"url\":\"https:\\\/\\\/artist1-fr.selectoweb.ca\\\/a-propos\\\/\",\"name\":\"\u00c0 propos - Selecto Artiste\",\"isPartOf\":{\"@id\":\"https:\\\/\\\/artist1-fr.selectoweb.ca\\\/#website\"},\"datePublished\":\"2024-02-06T06:01:31+00:00\",\"dateModified\":\"2024-02-06T06:03:21+00:00\",\"breadcrumb\":{\"@id\":\"https:\\\/\\\/artist1-fr.selectoweb.ca\\\/a-propos\\\/#breadcrumb\"},\"inLanguage\":\"en-CA\",\"potentialAction\":[{\"@type\":\"ReadAction\",\"target\":[\"https:\\\/\\\/artist1-fr.selectoweb.ca\\\/a-propos\\\/\"]}]},{\"@type\":\"BreadcrumbList\",\"@id\":\"https:\\\/\\\/artist1-fr.selectoweb.ca\\\/a-propos\\\/#breadcrumb\",\"itemListElement\":[{\"@type\":\"ListItem\",\"position\":1,\"name\":\"Home\",\"item\":\"https:\\\/\\\/artist1-fr.selectoweb.ca\\\/\"},{\"@type\":\"ListItem\",\"position\":2,\"name\":\"\u00c0 propos\"}]},{\"@type\":\"WebSite\",\"@id\":\"https:\\\/\\\/artist1-fr.selectoweb.ca\\\/#website\",\"url\":\"https:\\\/\\\/artist1-fr.selectoweb.ca\\\/\",\"name\":\"Selecto Artiste\",\"description\":\"Meilleurs artistes\",\"publisher\":{\"@id\":\"https:\\\/\\\/artist1-fr.selectoweb.ca\\\/#organization\"},\"potentialAction\":[{\"@type\":\"SearchAction\",\"target\":{\"@type\":\"EntryPoint\",\"urlTemplate\":\"https:\\\/\\\/artist1-fr.selectoweb.ca\\\/?s={search_term_string}\"},\"query-input\":{\"@type\":\"PropertyValueSpecification\",\"valueRequired\":true,\"valueName\":\"search_term_string\"}}],\"inLanguage\":\"en-CA\"},{\"@type\":\"Organization\",\"@id\":\"https:\\\/\\\/artist1-fr.selectoweb.ca\\\/#organization\",\"name\":\"Selecto Artiste\",\"url\":\"https:\\\/\\\/artist1-fr.selectoweb.ca\\\/\",\"logo\":{\"@type\":\"ImageObject\",\"inLanguage\":\"en-CA\",\"@id\":\"https:\\\/\\\/artist1-fr.selectoweb.ca\\\/#\\\/schema\\\/logo\\\/image\\\/\",\"url\":\"https:\\\/\\\/artist1-fr.selectoweb.ca\\\/wp-content\\\/uploads\\\/2023\\\/04\\\/logo-divi-artist-1.png\",\"contentUrl\":\"https:\\\/\\\/artist1-fr.selectoweb.ca\\\/wp-content\\\/uploads\\\/2023\\\/04\\\/logo-divi-artist-1.png\",\"width\":908,\"height\":189,\"caption\":\"Selecto Artiste\"},\"image\":{\"@id\":\"https:\\\/\\\/artist1-fr.selectoweb.ca\\\/#\\\/schema\\\/logo\\\/image\\\/\"},\"sameAs\":[\"https:\\\/\\\/www.facebook.com\\\/selectoweb\",\"https:\\\/\\\/x.com\\\/selectoweb\",\"https:\\\/\\\/www.instagram.com\\\/selecto.ca\",\"https:\\\/\\\/www.tiktok.com\\\/@selecto.ca\",\"https:\\\/\\\/www.youtube.com\\\/channel\\\/UCGbJHkiaA5Od-bUAisbmjxQ\"]}]}<\/script>\n<!-- \/ Yoast SEO plugin. -->","yoast_head_json":{"title":"About - Selecto Artist","robots":{"index":"index","follow":"follow","max-snippet":"max-snippet:-1","max-image-preview":"max-image-preview:large","max-video-preview":"max-video-preview:-1"},"canonical":"https:\/\/artist1-fr.selectoweb.ca\/en\/about\/","og_locale":"en_US","og_type":"article","og_title":"\u00c0 propos - Selecto Artiste","og_description":"About Us Permettez-moi de me pr\u00e9senter, je suis un artiste peintre passionn\u00e9 par la cr\u00e9ation d\u2019\u0153uvres d\u2019art qui suscitent des \u00e9motions chez les spectateurs. J\u2019ai d\u00e9velopp\u00e9 ma passion pour la peinture d\u00e8s mon plus jeune \u00e2ge et j\u2019ai \u00e9tudi\u00e9 les techniques les plus fines pour perfectionner mon art. Ma technique de peinture sur toiles est [&hellip;]","og_url":"https:\/\/artist1-fr.selectoweb.ca\/en\/about\/","og_site_name":"Selecto Artiste","article_publisher":"https:\/\/www.facebook.com\/selectoweb","article_modified_time":"2024-02-06T06:03:21+00:00","twitter_card":"summary_large_image","twitter_site":"@selectoweb","twitter_misc":{"Est. reading time":"4 minutes"},"schema":{"@context":"https:\/\/schema.org","@graph":[{"@type":"WebPage","@id":"https:\/\/artist1-fr.selectoweb.ca\/a-propos\/","url":"https:\/\/artist1-fr.selectoweb.ca\/a-propos\/","name":"About - Selecto Artist","isPartOf":{"@id":"https:\/\/artist1-fr.selectoweb.ca\/#website"},"datePublished":"2024-02-06T06:01:31+00:00","dateModified":"2024-02-06T06:03:21+00:00","breadcrumb":{"@id":"https:\/\/artist1-fr.selectoweb.ca\/a-propos\/#breadcrumb"},"inLanguage":"en-CA","potentialAction":[{"@type":"ReadAction","target":["https:\/\/artist1-fr.selectoweb.ca\/a-propos\/"]}]},{"@type":"BreadcrumbList","@id":"https:\/\/artist1-fr.selectoweb.ca\/a-propos\/#breadcrumb","itemListElement":[{"@type":"ListItem","position":1,"name":"Home","item":"https:\/\/artist1-fr.selectoweb.ca\/"},{"@type":"ListItem","position":2,"name":"\u00c0 propos"}]},{"@type":"WebSite","@id":"https:\/\/artist1-fr.selectoweb.ca\/#website","url":"https:\/\/artist1-fr.selectoweb.ca\/","name":"Selecto Artist","description":"Best artists","publisher":{"@id":"https:\/\/artist1-fr.selectoweb.ca\/#organization"},"potentialAction":[{"@type":"SearchAction","target":{"@type":"EntryPoint","urlTemplate":"https:\/\/artist1-fr.selectoweb.ca\/?s={search_term_string}"},"query-input":{"@type":"PropertyValueSpecification","valueRequired":true,"valueName":"search_term_string"}}],"inLanguage":"en-CA"},{"@type":"Organization","@id":"https:\/\/artist1-fr.selectoweb.ca\/#organization","name":"Selecto Artist","url":"https:\/\/artist1-fr.selectoweb.ca\/","logo":{"@type":"ImageObject","inLanguage":"en-CA","@id":"https:\/\/artist1-fr.selectoweb.ca\/#\/schema\/logo\/image\/","url":"https:\/\/artist1-fr.selectoweb.ca\/wp-content\/uploads\/2023\/04\/logo-divi-artist-1.png","contentUrl":"https:\/\/artist1-fr.selectoweb.ca\/wp-content\/uploads\/2023\/04\/logo-divi-artist-1.png","width":908,"height":189,"caption":"Selecto Artiste"},"image":{"@id":"https:\/\/artist1-fr.selectoweb.ca\/#\/schema\/logo\/image\/"},"sameAs":["https:\/\/www.facebook.com\/selectoweb","https:\/\/x.com\/selectoweb","https:\/\/www.instagram.com\/selecto.ca","https:\/\/www.tiktok.com\/@selecto.ca","https:\/\/www.youtube.com\/channel\/UCGbJHkiaA5Od-bUAisbmjxQ"]}]}},"_links":{"self":[{"href":"https:\/\/artist1-fr.selectoweb.ca\/en\/wp-json\/wp\/v2\/pages\/110697","targetHints":{"allow":["GET"]}}],"collection":[{"href":"https:\/\/artist1-fr.selectoweb.ca\/en\/wp-json\/wp\/v2\/pages"}],"about":[{"href":"https:\/\/artist1-fr.selectoweb.ca\/en\/wp-json\/wp\/v2\/types\/page"}],"author":[{"embeddable":true,"href":"https:\/\/artist1-fr.selectoweb.ca\/en\/wp-json\/wp\/v2\/users\/1"}],"replies":[{"embeddable":true,"href":"https:\/\/artist1-fr.selectoweb.ca\/en\/wp-json\/wp\/v2\/comments?post=110697"}],"version-history":[{"count":4,"href":"https:\/\/artist1-fr.selectoweb.ca\/en\/wp-json\/wp\/v2\/pages\/110697\/revisions"}],"predecessor-version":[{"id":110702,"href":"https:\/\/artist1-fr.selectoweb.ca\/en\/wp-json\/wp\/v2\/pages\/110697\/revisions\/110702"}],"wp:attachment":[{"href":"https:\/\/artist1-fr.selectoweb.ca\/en\/wp-json\/wp\/v2\/media?parent=110697"}],"curies":[{"name":"wp","href":"https:\/\/api.w.org\/{rel}","templated":true}]}}