{"id":110662,"date":"2023-12-02T22:53:55","date_gmt":"2023-12-03T03:53:55","guid":{"rendered":"https:\/\/artist1-fr.selectoweb.ca\/?post_type=product&#038;p=110662"},"modified":"2024-02-06T22:53:53","modified_gmt":"2024-02-07T03:53:53","slug":"product-1","status":"publish","type":"product","link":"https:\/\/artist1-fr.selectoweb.ca\/en\/produit\/produit-1\/","title":{"rendered":"Twilight Shards"},"content":{"rendered":"<p>Immerse yourself in the magic of twilight with this captivating canvas that captures the moment when the sun gently retreats behind the horizon. The warm hues and golden highlights evoke a captivating atmosphere, creating a piece that will bring a touch of poetry to your space.<\/p>","protected":false},"excerpt":{"rendered":"<p>Immerse yourself in the magic of twilight with this captivating canvas that captures the moment when the sun gently retreats behind the horizon. The warm hues and golden highlights evoke a captivating atmosphere, creating a piece that will bring a touch of poetry to your space.<\/p>","protected":false},"featured_media":110663,"comment_status":"closed","ping_status":"closed","template":"","meta":{"_et_pb_use_builder":"","_et_pb_old_content":"","_et_gb_content_width":""},"product_brand":[],"product_cat":[22],"product_tag":[],"class_list":{"0":"post-110662","1":"product","2":"type-product","3":"status-publish","4":"has-post-thumbnail","6":"product_cat-categorie","8":"first","9":"instock","10":"sale","11":"shipping-taxable","12":"purchasable","13":"product-type-simple"},"yoast_head":"<!-- This site is optimized with the Yoast SEO plugin v27.5 - https:\/\/yoast.com\/product\/yoast-seo-wordpress\/ -->\n<title>\u00c9clats de Cr\u00e9puscule - Selecto Artiste<\/title>\n<meta name=\"robots\" content=\"index, follow, max-snippet:-1, max-image-preview:large, max-video-preview:-1\" \/>\n<link rel=\"canonical\" href=\"https:\/\/artist1-fr.selectoweb.ca\/en\/product\/product-1\/\" \/>\n<meta property=\"og:locale\" content=\"en_US\" \/>\n<meta property=\"og:type\" content=\"article\" \/>\n<meta property=\"og:title\" content=\"\u00c9clats de Cr\u00e9puscule - Selecto Artiste\" \/>\n<meta property=\"og:description\" content=\"Plongez dans la magie du cr\u00e9puscule avec cette toile captivante qui capture l&rsquo;instant o\u00f9 le soleil se retire doucement derri\u00e8re l&rsquo;horizon. Les nuances chaudes et les reflets dor\u00e9s \u00e9voquent une atmosph\u00e8re envo\u00fbtante, cr\u00e9ant une pi\u00e8ce qui apportera une touche de po\u00e9sie \u00e0 votre espace.\" \/>\n<meta property=\"og:url\" content=\"https:\/\/artist1-fr.selectoweb.ca\/en\/product\/product-1\/\" \/>\n<meta property=\"og:site_name\" content=\"Selecto Artiste\" \/>\n<meta property=\"article:publisher\" content=\"https:\/\/www.facebook.com\/selectoweb\" \/>\n<meta property=\"article:modified_time\" content=\"2024-02-07T03:53:53+00:00\" \/>\n<meta property=\"og:image\" content=\"https:\/\/artist1-fr.selectoweb.ca\/wp-content\/uploads\/2023\/12\/x1.jpeg\" \/>\n\t<meta property=\"og:image:width\" content=\"1600\" \/>\n\t<meta property=\"og:image:height\" content=\"2397\" \/>\n\t<meta property=\"og:image:type\" content=\"image\/jpeg\" \/>\n<meta name=\"twitter:card\" content=\"summary_large_image\" \/>\n<meta name=\"twitter:site\" content=\"@selectoweb\" \/>\n<script type=\"application\/ld+json\" class=\"yoast-schema-graph\">{\"@context\":\"https:\\\/\\\/schema.org\",\"@graph\":[{\"@type\":\"WebPage\",\"@id\":\"https:\\\/\\\/artist1-fr.selectoweb.ca\\\/en\\\/product\\\/product-1\\\/\",\"url\":\"https:\\\/\\\/artist1-fr.selectoweb.ca\\\/en\\\/product\\\/product-1\\\/\",\"name\":\"\u00c9clats de Cr\u00e9puscule - Selecto Artiste\",\"isPartOf\":{\"@id\":\"https:\\\/\\\/artist1-fr.selectoweb.ca\\\/#website\"},\"primaryImageOfPage\":{\"@id\":\"https:\\\/\\\/artist1-fr.selectoweb.ca\\\/en\\\/product\\\/product-1\\\/#primaryimage\"},\"image\":{\"@id\":\"https:\\\/\\\/artist1-fr.selectoweb.ca\\\/en\\\/product\\\/product-1\\\/#primaryimage\"},\"thumbnailUrl\":\"https:\\\/\\\/artist1-fr.selectoweb.ca\\\/wp-content\\\/uploads\\\/2023\\\/12\\\/x1.jpeg\",\"datePublished\":\"2023-12-03T03:53:55+00:00\",\"dateModified\":\"2024-02-07T03:53:53+00:00\",\"breadcrumb\":{\"@id\":\"https:\\\/\\\/artist1-fr.selectoweb.ca\\\/en\\\/product\\\/product-1\\\/#breadcrumb\"},\"inLanguage\":\"en-CA\",\"potentialAction\":[{\"@type\":\"ReadAction\",\"target\":[\"https:\\\/\\\/artist1-fr.selectoweb.ca\\\/en\\\/product\\\/product-1\\\/\"]}]},{\"@type\":\"ImageObject\",\"inLanguage\":\"en-CA\",\"@id\":\"https:\\\/\\\/artist1-fr.selectoweb.ca\\\/en\\\/product\\\/product-1\\\/#primaryimage\",\"url\":\"https:\\\/\\\/artist1-fr.selectoweb.ca\\\/wp-content\\\/uploads\\\/2023\\\/12\\\/x1.jpeg\",\"contentUrl\":\"https:\\\/\\\/artist1-fr.selectoweb.ca\\\/wp-content\\\/uploads\\\/2023\\\/12\\\/x1.jpeg\",\"width\":1600,\"height\":2397},{\"@type\":\"BreadcrumbList\",\"@id\":\"https:\\\/\\\/artist1-fr.selectoweb.ca\\\/en\\\/product\\\/product-1\\\/#breadcrumb\",\"itemListElement\":[{\"@type\":\"ListItem\",\"position\":1,\"name\":\"Home\",\"item\":\"https:\\\/\\\/artist1-fr.selectoweb.ca\\\/\"},{\"@type\":\"ListItem\",\"position\":2,\"name\":\"Boutique\",\"item\":\"https:\\\/\\\/artist1-fr.selectoweb.ca\\\/en\\\/shop\\\/\"},{\"@type\":\"ListItem\",\"position\":3,\"name\":\"\u00c9clats de Cr\u00e9puscule\"}]},{\"@type\":\"WebSite\",\"@id\":\"https:\\\/\\\/artist1-fr.selectoweb.ca\\\/#website\",\"url\":\"https:\\\/\\\/artist1-fr.selectoweb.ca\\\/\",\"name\":\"Selecto Artiste\",\"description\":\"Meilleurs artistes\",\"publisher\":{\"@id\":\"https:\\\/\\\/artist1-fr.selectoweb.ca\\\/#organization\"},\"potentialAction\":[{\"@type\":\"SearchAction\",\"target\":{\"@type\":\"EntryPoint\",\"urlTemplate\":\"https:\\\/\\\/artist1-fr.selectoweb.ca\\\/?s={search_term_string}\"},\"query-input\":{\"@type\":\"PropertyValueSpecification\",\"valueRequired\":true,\"valueName\":\"search_term_string\"}}],\"inLanguage\":\"en-CA\"},{\"@type\":\"Organization\",\"@id\":\"https:\\\/\\\/artist1-fr.selectoweb.ca\\\/#organization\",\"name\":\"Selecto Artiste\",\"url\":\"https:\\\/\\\/artist1-fr.selectoweb.ca\\\/\",\"logo\":{\"@type\":\"ImageObject\",\"inLanguage\":\"en-CA\",\"@id\":\"https:\\\/\\\/artist1-fr.selectoweb.ca\\\/#\\\/schema\\\/logo\\\/image\\\/\",\"url\":\"https:\\\/\\\/artist1-fr.selectoweb.ca\\\/wp-content\\\/uploads\\\/2023\\\/04\\\/logo-divi-artist-1.png\",\"contentUrl\":\"https:\\\/\\\/artist1-fr.selectoweb.ca\\\/wp-content\\\/uploads\\\/2023\\\/04\\\/logo-divi-artist-1.png\",\"width\":908,\"height\":189,\"caption\":\"Selecto Artiste\"},\"image\":{\"@id\":\"https:\\\/\\\/artist1-fr.selectoweb.ca\\\/#\\\/schema\\\/logo\\\/image\\\/\"},\"sameAs\":[\"https:\\\/\\\/www.facebook.com\\\/selectoweb\",\"https:\\\/\\\/x.com\\\/selectoweb\",\"https:\\\/\\\/www.instagram.com\\\/selecto.ca\",\"https:\\\/\\\/www.tiktok.com\\\/@selecto.ca\",\"https:\\\/\\\/www.youtube.com\\\/channel\\\/UCGbJHkiaA5Od-bUAisbmjxQ\"]}]}<\/script>\n<!-- \/ Yoast SEO plugin. -->","yoast_head_json":{"title":"Shards of Twilight - Selecto Artist","robots":{"index":"index","follow":"follow","max-snippet":"max-snippet:-1","max-image-preview":"max-image-preview:large","max-video-preview":"max-video-preview:-1"},"canonical":"https:\/\/artist1-fr.selectoweb.ca\/en\/product\/product-1\/","og_locale":"en_US","og_type":"article","og_title":"\u00c9clats de Cr\u00e9puscule - Selecto Artiste","og_description":"Plongez dans la magie du cr\u00e9puscule avec cette toile captivante qui capture l&rsquo;instant o\u00f9 le soleil se retire doucement derri\u00e8re l&rsquo;horizon. Les nuances chaudes et les reflets dor\u00e9s \u00e9voquent une atmosph\u00e8re envo\u00fbtante, cr\u00e9ant une pi\u00e8ce qui apportera une touche de po\u00e9sie \u00e0 votre espace.","og_url":"https:\/\/artist1-fr.selectoweb.ca\/en\/product\/product-1\/","og_site_name":"Selecto Artiste","article_publisher":"https:\/\/www.facebook.com\/selectoweb","article_modified_time":"2024-02-07T03:53:53+00:00","og_image":[{"width":1600,"height":2397,"url":"https:\/\/artist1-fr.selectoweb.ca\/wp-content\/uploads\/2023\/12\/x1.jpeg","type":"image\/jpeg"}],"twitter_card":"summary_large_image","twitter_site":"@selectoweb","schema":{"@context":"https:\/\/schema.org","@graph":[{"@type":"WebPage","@id":"https:\/\/artist1-fr.selectoweb.ca\/en\/product\/product-1\/","url":"https:\/\/artist1-fr.selectoweb.ca\/en\/product\/product-1\/","name":"Shards of Twilight - Selecto Artist","isPartOf":{"@id":"https:\/\/artist1-fr.selectoweb.ca\/#website"},"primaryImageOfPage":{"@id":"https:\/\/artist1-fr.selectoweb.ca\/en\/product\/product-1\/#primaryimage"},"image":{"@id":"https:\/\/artist1-fr.selectoweb.ca\/en\/product\/product-1\/#primaryimage"},"thumbnailUrl":"https:\/\/artist1-fr.selectoweb.ca\/wp-content\/uploads\/2023\/12\/x1.jpeg","datePublished":"2023-12-03T03:53:55+00:00","dateModified":"2024-02-07T03:53:53+00:00","breadcrumb":{"@id":"https:\/\/artist1-fr.selectoweb.ca\/en\/product\/product-1\/#breadcrumb"},"inLanguage":"en-CA","potentialAction":[{"@type":"ReadAction","target":["https:\/\/artist1-fr.selectoweb.ca\/en\/product\/product-1\/"]}]},{"@type":"ImageObject","inLanguage":"en-CA","@id":"https:\/\/artist1-fr.selectoweb.ca\/en\/product\/product-1\/#primaryimage","url":"https:\/\/artist1-fr.selectoweb.ca\/wp-content\/uploads\/2023\/12\/x1.jpeg","contentUrl":"https:\/\/artist1-fr.selectoweb.ca\/wp-content\/uploads\/2023\/12\/x1.jpeg","width":1600,"height":2397},{"@type":"BreadcrumbList","@id":"https:\/\/artist1-fr.selectoweb.ca\/en\/product\/product-1\/#breadcrumb","itemListElement":[{"@type":"ListItem","position":1,"name":"Home","item":"https:\/\/artist1-fr.selectoweb.ca\/"},{"@type":"ListItem","position":2,"name":"Boutique","item":"https:\/\/artist1-fr.selectoweb.ca\/en\/shop\/"},{"@type":"ListItem","position":3,"name":"\u00c9clats de Cr\u00e9puscule"}]},{"@type":"WebSite","@id":"https:\/\/artist1-fr.selectoweb.ca\/#website","url":"https:\/\/artist1-fr.selectoweb.ca\/","name":"Selecto Artist","description":"Best artists","publisher":{"@id":"https:\/\/artist1-fr.selectoweb.ca\/#organization"},"potentialAction":[{"@type":"SearchAction","target":{"@type":"EntryPoint","urlTemplate":"https:\/\/artist1-fr.selectoweb.ca\/?s={search_term_string}"},"query-input":{"@type":"PropertyValueSpecification","valueRequired":true,"valueName":"search_term_string"}}],"inLanguage":"en-CA"},{"@type":"Organization","@id":"https:\/\/artist1-fr.selectoweb.ca\/#organization","name":"Selecto Artist","url":"https:\/\/artist1-fr.selectoweb.ca\/","logo":{"@type":"ImageObject","inLanguage":"en-CA","@id":"https:\/\/artist1-fr.selectoweb.ca\/#\/schema\/logo\/image\/","url":"https:\/\/artist1-fr.selectoweb.ca\/wp-content\/uploads\/2023\/04\/logo-divi-artist-1.png","contentUrl":"https:\/\/artist1-fr.selectoweb.ca\/wp-content\/uploads\/2023\/04\/logo-divi-artist-1.png","width":908,"height":189,"caption":"Selecto Artiste"},"image":{"@id":"https:\/\/artist1-fr.selectoweb.ca\/#\/schema\/logo\/image\/"},"sameAs":["https:\/\/www.facebook.com\/selectoweb","https:\/\/x.com\/selectoweb","https:\/\/www.instagram.com\/selecto.ca","https:\/\/www.tiktok.com\/@selecto.ca","https:\/\/www.youtube.com\/channel\/UCGbJHkiaA5Od-bUAisbmjxQ"]}]}},"_links":{"self":[{"href":"https:\/\/artist1-fr.selectoweb.ca\/en\/wp-json\/wp\/v2\/product\/110662","targetHints":{"allow":["GET"]}}],"collection":[{"href":"https:\/\/artist1-fr.selectoweb.ca\/en\/wp-json\/wp\/v2\/product"}],"about":[{"href":"https:\/\/artist1-fr.selectoweb.ca\/en\/wp-json\/wp\/v2\/types\/product"}],"replies":[{"embeddable":true,"href":"https:\/\/artist1-fr.selectoweb.ca\/en\/wp-json\/wp\/v2\/comments?post=110662"}],"wp:featuredmedia":[{"embeddable":true,"href":"https:\/\/artist1-fr.selectoweb.ca\/en\/wp-json\/wp\/v2\/media\/110663"}],"wp:attachment":[{"href":"https:\/\/artist1-fr.selectoweb.ca\/en\/wp-json\/wp\/v2\/media?parent=110662"}],"wp:term":[{"taxonomy":"product_brand","embeddable":true,"href":"https:\/\/artist1-fr.selectoweb.ca\/en\/wp-json\/wp\/v2\/product_brand?post=110662"},{"taxonomy":"product_cat","embeddable":true,"href":"https:\/\/artist1-fr.selectoweb.ca\/en\/wp-json\/wp\/v2\/product_cat?post=110662"},{"taxonomy":"product_tag","embeddable":true,"href":"https:\/\/artist1-fr.selectoweb.ca\/en\/wp-json\/wp\/v2\/product_tag?post=110662"}],"curies":[{"name":"wp","href":"https:\/\/api.w.org\/{rel}","templated":true}]}}