{"id":110670,"date":"2023-12-02T23:08:53","date_gmt":"2023-12-03T04:08:53","guid":{"rendered":"https:\/\/artist1-fr.selectoweb.ca\/?post_type=product&#038;p=110670"},"modified":"2024-02-06T22:53:46","modified_gmt":"2024-02-07T03:53:46","slug":"product-2","status":"publish","type":"product","link":"https:\/\/artist1-fr.selectoweb.ca\/en\/produit\/produit-2\/","title":{"rendered":"Celestial Odyssey"},"content":{"rendered":"<p>Let yourself be carried away on an interstellar journey with this mesmerizing celestial artwork. Swirls of cosmic colors and mysterious constellations blend to create a captivating visual experience. Hang this canvas and embark on an imaginary journey into the heart of the universe.<\/p>","protected":false},"excerpt":{"rendered":"<p>Let yourself be carried away on an interstellar journey with this mesmerizing celestial artwork. Swirls of cosmic colors and mysterious constellations blend to create a captivating visual experience. Hang this canvas and embark on an imaginary journey into the heart of the universe.<\/p>","protected":false},"featured_media":110665,"comment_status":"closed","ping_status":"closed","template":"","meta":{"_et_pb_use_builder":"","_et_pb_old_content":"","_et_gb_content_width":""},"product_brand":[],"product_cat":[22],"product_tag":[],"class_list":{"0":"post-110670","1":"product","2":"type-product","3":"status-publish","4":"has-post-thumbnail","6":"product_cat-categorie","8":"first","9":"instock","10":"shipping-taxable","11":"purchasable","12":"product-type-simple"},"yoast_head":"<!-- This site is optimized with the Yoast SEO plugin v27.5 - https:\/\/yoast.com\/product\/yoast-seo-wordpress\/ -->\n<title>Odyss\u00e9e C\u00e9leste - Selecto Artiste<\/title>\n<meta name=\"robots\" content=\"index, follow, max-snippet:-1, max-image-preview:large, max-video-preview:-1\" \/>\n<link rel=\"canonical\" href=\"https:\/\/artist1-fr.selectoweb.ca\/en\/product\/product-2\/\" \/>\n<meta property=\"og:locale\" content=\"en_US\" \/>\n<meta property=\"og:type\" content=\"article\" \/>\n<meta property=\"og:title\" content=\"Odyss\u00e9e C\u00e9leste - Selecto Artiste\" \/>\n<meta property=\"og:description\" content=\"Laissez-vous emporter par un voyage interstellaire avec cette \u0153uvre c\u00e9leste fascinante. Des tourbillons de couleurs cosmiques et des constellations myst\u00e9rieuses se m\u00ealent pour cr\u00e9er une exp\u00e9rience visuelle captivante. Accrochez cette toile et partez pour un voyage imaginaire au c\u0153ur de l&rsquo;univers.\" \/>\n<meta property=\"og:url\" content=\"https:\/\/artist1-fr.selectoweb.ca\/en\/product\/product-2\/\" \/>\n<meta property=\"og:site_name\" content=\"Selecto Artiste\" \/>\n<meta property=\"article:publisher\" content=\"https:\/\/www.facebook.com\/selectoweb\" \/>\n<meta property=\"article:modified_time\" content=\"2024-02-07T03:53:46+00:00\" \/>\n<meta property=\"og:image\" content=\"https:\/\/artist1-fr.selectoweb.ca\/wp-content\/uploads\/2023\/12\/x3.webp\" \/>\n\t<meta property=\"og:image:width\" content=\"1600\" \/>\n\t<meta property=\"og:image:height\" content=\"2400\" \/>\n\t<meta property=\"og:image:type\" content=\"image\/webp\" \/>\n<meta name=\"twitter:card\" content=\"summary_large_image\" \/>\n<meta name=\"twitter:site\" content=\"@selectoweb\" \/>\n<script type=\"application\/ld+json\" class=\"yoast-schema-graph\">{\"@context\":\"https:\\\/\\\/schema.org\",\"@graph\":[{\"@type\":\"WebPage\",\"@id\":\"https:\\\/\\\/artist1-fr.selectoweb.ca\\\/produit\\\/produit-2\\\/\",\"url\":\"https:\\\/\\\/artist1-fr.selectoweb.ca\\\/produit\\\/produit-2\\\/\",\"name\":\"Odyss\u00e9e C\u00e9leste - Selecto Artiste\",\"isPartOf\":{\"@id\":\"https:\\\/\\\/artist1-fr.selectoweb.ca\\\/#website\"},\"primaryImageOfPage\":{\"@id\":\"https:\\\/\\\/artist1-fr.selectoweb.ca\\\/produit\\\/produit-2\\\/#primaryimage\"},\"image\":{\"@id\":\"https:\\\/\\\/artist1-fr.selectoweb.ca\\\/produit\\\/produit-2\\\/#primaryimage\"},\"thumbnailUrl\":\"https:\\\/\\\/artist1-fr.selectoweb.ca\\\/wp-content\\\/uploads\\\/2023\\\/12\\\/x3.webp\",\"datePublished\":\"2023-12-03T04:08:53+00:00\",\"dateModified\":\"2024-02-07T03:53:46+00:00\",\"breadcrumb\":{\"@id\":\"https:\\\/\\\/artist1-fr.selectoweb.ca\\\/produit\\\/produit-2\\\/#breadcrumb\"},\"inLanguage\":\"en-CA\",\"potentialAction\":[{\"@type\":\"ReadAction\",\"target\":[\"https:\\\/\\\/artist1-fr.selectoweb.ca\\\/produit\\\/produit-2\\\/\"]}]},{\"@type\":\"ImageObject\",\"inLanguage\":\"en-CA\",\"@id\":\"https:\\\/\\\/artist1-fr.selectoweb.ca\\\/produit\\\/produit-2\\\/#primaryimage\",\"url\":\"https:\\\/\\\/artist1-fr.selectoweb.ca\\\/wp-content\\\/uploads\\\/2023\\\/12\\\/x3.webp\",\"contentUrl\":\"https:\\\/\\\/artist1-fr.selectoweb.ca\\\/wp-content\\\/uploads\\\/2023\\\/12\\\/x3.webp\",\"width\":1600,\"height\":2400},{\"@type\":\"BreadcrumbList\",\"@id\":\"https:\\\/\\\/artist1-fr.selectoweb.ca\\\/produit\\\/produit-2\\\/#breadcrumb\",\"itemListElement\":[{\"@type\":\"ListItem\",\"position\":1,\"name\":\"Home\",\"item\":\"https:\\\/\\\/artist1-fr.selectoweb.ca\\\/\"},{\"@type\":\"ListItem\",\"position\":2,\"name\":\"Boutique\",\"item\":\"https:\\\/\\\/artist1-fr.selectoweb.ca\\\/en\\\/shop\\\/\"},{\"@type\":\"ListItem\",\"position\":3,\"name\":\"Odyss\u00e9e C\u00e9leste\"}]},{\"@type\":\"WebSite\",\"@id\":\"https:\\\/\\\/artist1-fr.selectoweb.ca\\\/#website\",\"url\":\"https:\\\/\\\/artist1-fr.selectoweb.ca\\\/\",\"name\":\"Selecto Artiste\",\"description\":\"Meilleurs artistes\",\"publisher\":{\"@id\":\"https:\\\/\\\/artist1-fr.selectoweb.ca\\\/#organization\"},\"potentialAction\":[{\"@type\":\"SearchAction\",\"target\":{\"@type\":\"EntryPoint\",\"urlTemplate\":\"https:\\\/\\\/artist1-fr.selectoweb.ca\\\/?s={search_term_string}\"},\"query-input\":{\"@type\":\"PropertyValueSpecification\",\"valueRequired\":true,\"valueName\":\"search_term_string\"}}],\"inLanguage\":\"en-CA\"},{\"@type\":\"Organization\",\"@id\":\"https:\\\/\\\/artist1-fr.selectoweb.ca\\\/#organization\",\"name\":\"Selecto Artiste\",\"url\":\"https:\\\/\\\/artist1-fr.selectoweb.ca\\\/\",\"logo\":{\"@type\":\"ImageObject\",\"inLanguage\":\"en-CA\",\"@id\":\"https:\\\/\\\/artist1-fr.selectoweb.ca\\\/#\\\/schema\\\/logo\\\/image\\\/\",\"url\":\"https:\\\/\\\/artist1-fr.selectoweb.ca\\\/wp-content\\\/uploads\\\/2023\\\/04\\\/logo-divi-artist-1.png\",\"contentUrl\":\"https:\\\/\\\/artist1-fr.selectoweb.ca\\\/wp-content\\\/uploads\\\/2023\\\/04\\\/logo-divi-artist-1.png\",\"width\":908,\"height\":189,\"caption\":\"Selecto Artiste\"},\"image\":{\"@id\":\"https:\\\/\\\/artist1-fr.selectoweb.ca\\\/#\\\/schema\\\/logo\\\/image\\\/\"},\"sameAs\":[\"https:\\\/\\\/www.facebook.com\\\/selectoweb\",\"https:\\\/\\\/x.com\\\/selectoweb\",\"https:\\\/\\\/www.instagram.com\\\/selecto.ca\",\"https:\\\/\\\/www.tiktok.com\\\/@selecto.ca\",\"https:\\\/\\\/www.youtube.com\\\/channel\\\/UCGbJHkiaA5Od-bUAisbmjxQ\"]}]}<\/script>\n<!-- \/ Yoast SEO plugin. -->","yoast_head_json":{"title":"Celestial Odyssey - Selecto Artist","robots":{"index":"index","follow":"follow","max-snippet":"max-snippet:-1","max-image-preview":"max-image-preview:large","max-video-preview":"max-video-preview:-1"},"canonical":"https:\/\/artist1-fr.selectoweb.ca\/en\/product\/product-2\/","og_locale":"en_US","og_type":"article","og_title":"Odyss\u00e9e C\u00e9leste - Selecto Artiste","og_description":"Laissez-vous emporter par un voyage interstellaire avec cette \u0153uvre c\u00e9leste fascinante. Des tourbillons de couleurs cosmiques et des constellations myst\u00e9rieuses se m\u00ealent pour cr\u00e9er une exp\u00e9rience visuelle captivante. Accrochez cette toile et partez pour un voyage imaginaire au c\u0153ur de l&rsquo;univers.","og_url":"https:\/\/artist1-fr.selectoweb.ca\/en\/product\/product-2\/","og_site_name":"Selecto Artiste","article_publisher":"https:\/\/www.facebook.com\/selectoweb","article_modified_time":"2024-02-07T03:53:46+00:00","og_image":[{"width":1600,"height":2400,"url":"https:\/\/artist1-fr.selectoweb.ca\/wp-content\/uploads\/2023\/12\/x3.webp","type":"image\/webp"}],"twitter_card":"summary_large_image","twitter_site":"@selectoweb","schema":{"@context":"https:\/\/schema.org","@graph":[{"@type":"WebPage","@id":"https:\/\/artist1-fr.selectoweb.ca\/produit\/produit-2\/","url":"https:\/\/artist1-fr.selectoweb.ca\/produit\/produit-2\/","name":"Celestial Odyssey - Selecto Artist","isPartOf":{"@id":"https:\/\/artist1-fr.selectoweb.ca\/#website"},"primaryImageOfPage":{"@id":"https:\/\/artist1-fr.selectoweb.ca\/produit\/produit-2\/#primaryimage"},"image":{"@id":"https:\/\/artist1-fr.selectoweb.ca\/produit\/produit-2\/#primaryimage"},"thumbnailUrl":"https:\/\/artist1-fr.selectoweb.ca\/wp-content\/uploads\/2023\/12\/x3.webp","datePublished":"2023-12-03T04:08:53+00:00","dateModified":"2024-02-07T03:53:46+00:00","breadcrumb":{"@id":"https:\/\/artist1-fr.selectoweb.ca\/produit\/produit-2\/#breadcrumb"},"inLanguage":"en-CA","potentialAction":[{"@type":"ReadAction","target":["https:\/\/artist1-fr.selectoweb.ca\/produit\/produit-2\/"]}]},{"@type":"ImageObject","inLanguage":"en-CA","@id":"https:\/\/artist1-fr.selectoweb.ca\/produit\/produit-2\/#primaryimage","url":"https:\/\/artist1-fr.selectoweb.ca\/wp-content\/uploads\/2023\/12\/x3.webp","contentUrl":"https:\/\/artist1-fr.selectoweb.ca\/wp-content\/uploads\/2023\/12\/x3.webp","width":1600,"height":2400},{"@type":"BreadcrumbList","@id":"https:\/\/artist1-fr.selectoweb.ca\/produit\/produit-2\/#breadcrumb","itemListElement":[{"@type":"ListItem","position":1,"name":"Home","item":"https:\/\/artist1-fr.selectoweb.ca\/"},{"@type":"ListItem","position":2,"name":"Boutique","item":"https:\/\/artist1-fr.selectoweb.ca\/en\/shop\/"},{"@type":"ListItem","position":3,"name":"Odyss\u00e9e C\u00e9leste"}]},{"@type":"WebSite","@id":"https:\/\/artist1-fr.selectoweb.ca\/#website","url":"https:\/\/artist1-fr.selectoweb.ca\/","name":"Selecto Artist","description":"Best artists","publisher":{"@id":"https:\/\/artist1-fr.selectoweb.ca\/#organization"},"potentialAction":[{"@type":"SearchAction","target":{"@type":"EntryPoint","urlTemplate":"https:\/\/artist1-fr.selectoweb.ca\/?s={search_term_string}"},"query-input":{"@type":"PropertyValueSpecification","valueRequired":true,"valueName":"search_term_string"}}],"inLanguage":"en-CA"},{"@type":"Organization","@id":"https:\/\/artist1-fr.selectoweb.ca\/#organization","name":"Selecto Artist","url":"https:\/\/artist1-fr.selectoweb.ca\/","logo":{"@type":"ImageObject","inLanguage":"en-CA","@id":"https:\/\/artist1-fr.selectoweb.ca\/#\/schema\/logo\/image\/","url":"https:\/\/artist1-fr.selectoweb.ca\/wp-content\/uploads\/2023\/04\/logo-divi-artist-1.png","contentUrl":"https:\/\/artist1-fr.selectoweb.ca\/wp-content\/uploads\/2023\/04\/logo-divi-artist-1.png","width":908,"height":189,"caption":"Selecto Artiste"},"image":{"@id":"https:\/\/artist1-fr.selectoweb.ca\/#\/schema\/logo\/image\/"},"sameAs":["https:\/\/www.facebook.com\/selectoweb","https:\/\/x.com\/selectoweb","https:\/\/www.instagram.com\/selecto.ca","https:\/\/www.tiktok.com\/@selecto.ca","https:\/\/www.youtube.com\/channel\/UCGbJHkiaA5Od-bUAisbmjxQ"]}]}},"_links":{"self":[{"href":"https:\/\/artist1-fr.selectoweb.ca\/en\/wp-json\/wp\/v2\/product\/110670","targetHints":{"allow":["GET"]}}],"collection":[{"href":"https:\/\/artist1-fr.selectoweb.ca\/en\/wp-json\/wp\/v2\/product"}],"about":[{"href":"https:\/\/artist1-fr.selectoweb.ca\/en\/wp-json\/wp\/v2\/types\/product"}],"replies":[{"embeddable":true,"href":"https:\/\/artist1-fr.selectoweb.ca\/en\/wp-json\/wp\/v2\/comments?post=110670"}],"wp:featuredmedia":[{"embeddable":true,"href":"https:\/\/artist1-fr.selectoweb.ca\/en\/wp-json\/wp\/v2\/media\/110665"}],"wp:attachment":[{"href":"https:\/\/artist1-fr.selectoweb.ca\/en\/wp-json\/wp\/v2\/media?parent=110670"}],"wp:term":[{"taxonomy":"product_brand","embeddable":true,"href":"https:\/\/artist1-fr.selectoweb.ca\/en\/wp-json\/wp\/v2\/product_brand?post=110670"},{"taxonomy":"product_cat","embeddable":true,"href":"https:\/\/artist1-fr.selectoweb.ca\/en\/wp-json\/wp\/v2\/product_cat?post=110670"},{"taxonomy":"product_tag","embeddable":true,"href":"https:\/\/artist1-fr.selectoweb.ca\/en\/wp-json\/wp\/v2\/product_tag?post=110670"}],"curies":[{"name":"wp","href":"https:\/\/api.w.org\/{rel}","templated":true}]}}